{"id":63,"date":"2012-12-08T21:03:44","date_gmt":"2012-12-08T20:03:44","guid":{"rendered":"https:\/\/www.wirthwein-motor.de\/?page_id=63"},"modified":"2019-09-18T18:01:33","modified_gmt":"2019-09-18T17:01:33","slug":"intermot-2010","status":"publish","type":"page","link":"https:\/\/www.wirthwein-motor.de\/?page_id=63","title":{"rendered":"Intermot 2010"},"content":{"rendered":"<p>Impressionen von der gr\u00f6\u00dften Motorradausstellung der Welt.<\/p>\n<p>Zusammen mit der Studienarbeit Acatama war Elenore V8 in K\u00f6ln.<\/p>\nngg_shortcode_0_placeholder\n<p>&nbsp;<\/p>\n<p>&nbsp;<\/p>\n","protected":false},"excerpt":{"rendered":"<p>Impressionen von der gr\u00f6\u00dften Motorradausstellung der Welt. Zusammen mit der Studienarbeit Acatama war Elenore V8 in K\u00f6ln. &nbsp; &nbsp;<\/p>\n","protected":false},"author":2,"featured_media":0,"parent":0,"menu_order":0,"comment_status":"closed","ping_status":"closed","template":"","meta":{"ngg_post_thumbnail":0,"footnotes":""},"class_list":["post-63","page","type-page","status-publish","hentry"],"_links":{"self":[{"href":"https:\/\/www.wirthwein-motor.de\/index.php?rest_route=\/wp\/v2\/pages\/63","targetHints":{"allow":["GET"]}}],"collection":[{"href":"https:\/\/www.wirthwein-motor.de\/index.php?rest_route=\/wp\/v2\/pages"}],"about":[{"href":"https:\/\/www.wirthwein-motor.de\/index.php?rest_route=\/wp\/v2\/types\/page"}],"author":[{"embeddable":true,"href":"https:\/\/www.wirthwein-motor.de\/index.php?rest_route=\/wp\/v2\/users\/2"}],"replies":[{"embeddable":true,"href":"https:\/\/www.wirthwein-motor.de\/index.php?rest_route=%2Fwp%2Fv2%2Fcomments&post=63"}],"version-history":[{"count":15,"href":"https:\/\/www.wirthwein-motor.de\/index.php?rest_route=\/wp\/v2\/pages\/63\/revisions"}],"predecessor-version":[{"id":630,"href":"https:\/\/www.wirthwein-motor.de\/index.php?rest_route=\/wp\/v2\/pages\/63\/revisions\/630"}],"wp:attachment":[{"href":"https:\/\/www.wirthwein-motor.de\/index.php?rest_route=%2Fwp%2Fv2%2Fmedia&parent=63"}],"curies":[{"name":"wp","href":"https:\/\/api.w.org\/{rel}","templated":true}]}}